{"id":34,"date":"2018-08-14T19:41:25","date_gmt":"2018-08-14T19:41:25","guid":{"rendered":"http:\/\/www.sabrina-schmitt.com\/?page_id=34"},"modified":"2024-12-01T15:36:55","modified_gmt":"2024-12-01T15:36:55","slug":"startseite-2","status":"publish","type":"page","link":"https:\/\/www.sabrina-schmitt.com\/","title":{"rendered":"Willkommen auf meiner Seite!"},"content":{"rendered":"\n<p class=\"has-regular-font-size\">Ich bin Forscherin, Gendertrainerin, politisch Engagiert und Sozialarbeiterin.<\/p>\n\n\n\n<p class=\"has-regular-font-size\">Ich arbeite wissenschaftlich und politisch zu den Themen Gender, Sozial- und Pflegepolitik, Feminismus, Care\/Sorge-Arbeit und Soziale Arbeit. Im Rahmen meiner Doktorarbeit habe ich mich mit Lebenslagen pflegender Angeh\u00f6riger aus einer Care-theoretischen Perspektive besch\u00e4ftigt. Ich mache au\u00dferdem Auftragsforschung z.B. Bereich Gender-Mainstreaming und Gleichstellung.<\/p>\n\n\n\n<p class=\"has-regular-font-size\"><\/p>\n\n\n\n<p class=\"has-regular-font-size\">Ich bin u.a. Mitglied im Netzwerk Genderforschung und Gleichstellungspraxis, der Aktionsgruppe 1.Mai &#8211; Tag der unsichtbaren Arbeit, des Frauenbeirates Berlin Mitte und im Aufsichtsrat von siaf e.V..<\/p>\n\n\n\n<p>Meine Doktorarbeit &#8222;Care-Praxis zwischen Prekarit\u00e4t und Chance: Eine empirische Studie \u00fcber die Rahmenbedingung der Care-Praxis pflegender Angeh\u00f6riger in einer entgrenzten Gesellschaft&#8220; wurde ver\u00f6ffentlicht und ist unter folgendem Link bestellbar: <\/p>\n\n\n\n<figure class=\"wp-block-image size-full is-resized\"><a href=\"https:\/\/www.beltz.de\/fachmedien\/sozialpaedagogik_soziale_arbeit\/produkte\/details\/48741-care-praxis-zwischen-prekaritaet-und-chance.html\" target=\"_blank\" rel=\"noreferrer noopener\"><img loading=\"lazy\" decoding=\"async\" width=\"600\" height=\"920\" src=\"https:\/\/www.sabrina-schmitt.com\/wp-content\/uploads\/2022\/10\/9783779968863.jpg\" alt=\"\" class=\"wp-image-284\" style=\"width:366px;height:562px\" srcset=\"https:\/\/www.sabrina-schmitt.com\/wp-content\/uploads\/2022\/10\/9783779968863.jpg 600w, https:\/\/www.sabrina-schmitt.com\/wp-content\/uploads\/2022\/10\/9783779968863-196x300.jpg 196w\" sizes=\"auto, (max-width: 600px) 100vw, 600px\" \/><\/a><\/figure>\n","protected":false},"excerpt":{"rendered":"<p>Ich bin Forscherin, Gendertrainerin, politisch Engagiert und Sozialarbeiterin. Ich arbeite wissenschaftlich und politisch zu den Themen Gender, Sozial- und Pflegepolitik, Feminismus, Care\/Sorge-Arbeit und Soziale Arbeit. Im Rahmen meiner Doktorarbeit habe ich mich mit Lebenslagen pflegender Angeh\u00f6riger aus einer Care-theoretischen Perspektive besch\u00e4ftigt. Ich mache au\u00dferdem Auftragsforschung z.B. Bereich Gender-Mainstreaming und Gleichstellung. Ich bin u.a. Mitglied im &hellip; <\/p>\n<p class=\"link-more\"><a href=\"https:\/\/www.sabrina-schmitt.com\/\" class=\"more-link\"><span class=\"screen-reader-text\">\u201eWillkommen auf meiner Seite!\u201c <\/span>weiterlesen<\/a><\/p>\n","protected":false},"author":1,"featured_media":384,"parent":0,"menu_order":0,"comment_status":"closed","ping_status":"closed","template":"","meta":{"footnotes":""},"class_list":["post-34","page","type-page","status-publish","has-post-thumbnail","hentry"],"_links":{"self":[{"href":"https:\/\/www.sabrina-schmitt.com\/index.php?rest_route=\/wp\/v2\/pages\/34","targetHints":{"allow":["GET"]}}],"collection":[{"href":"https:\/\/www.sabrina-schmitt.com\/index.php?rest_route=\/wp\/v2\/pages"}],"about":[{"href":"https:\/\/www.sabrina-schmitt.com\/index.php?rest_route=\/wp\/v2\/types\/page"}],"author":[{"embeddable":true,"href":"https:\/\/www.sabrina-schmitt.com\/index.php?rest_route=\/wp\/v2\/users\/1"}],"replies":[{"embeddable":true,"href":"https:\/\/www.sabrina-schmitt.com\/index.php?rest_route=%2Fwp%2Fv2%2Fcomments&post=34"}],"version-history":[{"count":40,"href":"https:\/\/www.sabrina-schmitt.com\/index.php?rest_route=\/wp\/v2\/pages\/34\/revisions"}],"predecessor-version":[{"id":408,"href":"https:\/\/www.sabrina-schmitt.com\/index.php?rest_route=\/wp\/v2\/pages\/34\/revisions\/408"}],"wp:featuredmedia":[{"embeddable":true,"href":"https:\/\/www.sabrina-schmitt.com\/index.php?rest_route=\/wp\/v2\/media\/384"}],"wp:attachment":[{"href":"https:\/\/www.sabrina-schmitt.com\/index.php?rest_route=%2Fwp%2Fv2%2Fmedia&parent=34"}],"curies":[{"name":"wp","href":"https:\/\/api.w.org\/{rel}","templated":true}]}}