{"id":8,"date":"2018-08-14T19:14:23","date_gmt":"2018-08-14T19:14:23","guid":{"rendered":"http:\/\/sabrina-schmitt.com\/?page_id=8"},"modified":"2024-12-01T15:42:22","modified_gmt":"2024-12-01T15:42:22","slug":"ueber-mich","status":"publish","type":"page","link":"https:\/\/www.sabrina-schmitt.com\/?page_id=8","title":{"rendered":"\u00dcber mich"},"content":{"rendered":"\n<p>Von 2008 bis 2010 habe ich Sozialp\u00e4dagogik an der Hochschule f\u00fcr angewandte Wissenschaften M\u00fcnchen (HM) studiert und absolvierte im Anschluss den Masterstudiengang International Studies an der University of London. <\/p>\n\n\n\n<p>Nach Abschluss meines Studiums und meiner R\u00fcckkehr nach Deutschland war ich bei der Menschrechtsorganisation \u00c4rzte der Welt e.V. im Projektbereich und als Referentin f\u00fcr Grundsatzfragen besch\u00e4ftigt. Von 2015 bis 2019 war ich wissenschaftliche Mitarbeiterin an der Frauenakademie M\u00fcnchen und arbeitete u.a. im Rahmen des Forschungsverbunds ForGenderCare in einem Projekt zum Thema \u201eCare aus der Haushaltsperspektive. Das Beispiel der Pflege alter Menschen in der Gro\u00dfstadt\u201c. <\/p>\n\n\n\n<p>Von 2019-2020 war ich Stipendiatin der Landeskonferenz der bayerischen Frauen- und Gleichstellungsbeauftragten und habe meine Dissertation mit dem Titel \u201eCare-Praxis zwischen Prekarit\u00e4t und Chance. Eine empirische Studie \u00fcber die Rahmenbedingungen der Care-Praxis pflegender Angeh\u00f6riger in einer entgrenzten Gesellschaft\u201c an der Universit\u00e4t Hildesheim  fertiggestellt.  <\/p>\n\n\n\n<p>Nach einem Zwischenstopp als Post-Doc am Kompetenzzentrum Soziale Interventionsforschung, war ich von 2022-2024 als Vertretungsprofessorin f\u00fcr die Wissenschaft der Sozialen Arbeit mit den Schwerpunkten Gender und Care an der Frankfurt University of Applied Sciences berufen. Derzeit bin ich Professorin f\u00fcr Soziale Arbeit an der IU Internationale Hochschule. Meine Forschungs- und Arbeitsschwerpunkte liegen in den Bereichen Care, Wohlfahrtsstaat, Sozialpolitik, Sozialarbeits- und Geschlechterforschung. Zus\u00e4tzlich bin ich seit einigen Jahren freiberuflich und als Referentin t\u00e4tig und queer-feministisch aktiv.<\/p>\n\n\n\n<figure class=\"wp-block-image\"><img loading=\"lazy\" decoding=\"async\" width=\"915\" height=\"685\" src=\"https:\/\/www.sabrina-schmitt.com\/wp-content\/uploads\/2019\/12\/Vortrag-e1575207858754.jpg\" alt=\"\" class=\"wp-image-96\" srcset=\"https:\/\/www.sabrina-schmitt.com\/wp-content\/uploads\/2019\/12\/Vortrag-e1575207858754.jpg 915w, https:\/\/www.sabrina-schmitt.com\/wp-content\/uploads\/2019\/12\/Vortrag-e1575207858754-300x225.jpg 300w, https:\/\/www.sabrina-schmitt.com\/wp-content\/uploads\/2019\/12\/Vortrag-e1575207858754-768x575.jpg 768w\" sizes=\"auto, (max-width: 706px) 89vw, (max-width: 767px) 82vw, 740px\" \/><\/figure>\n","protected":false},"excerpt":{"rendered":"<p>Von 2008 bis 2010 habe ich Sozialp\u00e4dagogik an der Hochschule f\u00fcr angewandte Wissenschaften M\u00fcnchen (HM) studiert und absolvierte im Anschluss den Masterstudiengang International Studies an der University of London. Nach Abschluss meines Studiums und meiner R\u00fcckkehr nach Deutschland war ich bei der Menschrechtsorganisation \u00c4rzte der Welt e.V. im Projektbereich und als Referentin f\u00fcr Grundsatzfragen besch\u00e4ftigt. &hellip; <\/p>\n<p class=\"link-more\"><a href=\"https:\/\/www.sabrina-schmitt.com\/?page_id=8\" class=\"more-link\"><span class=\"screen-reader-text\">\u201e\u00dcber mich\u201c <\/span>weiterlesen<\/a><\/p>\n","protected":false},"author":1,"featured_media":0,"parent":0,"menu_order":0,"comment_status":"closed","ping_status":"closed","template":"","meta":{"footnotes":""},"class_list":["post-8","page","type-page","status-publish","hentry"],"_links":{"self":[{"href":"https:\/\/www.sabrina-schmitt.com\/index.php?rest_route=\/wp\/v2\/pages\/8","targetHints":{"allow":["GET"]}}],"collection":[{"href":"https:\/\/www.sabrina-schmitt.com\/index.php?rest_route=\/wp\/v2\/pages"}],"about":[{"href":"https:\/\/www.sabrina-schmitt.com\/index.php?rest_route=\/wp\/v2\/types\/page"}],"author":[{"embeddable":true,"href":"https:\/\/www.sabrina-schmitt.com\/index.php?rest_route=\/wp\/v2\/users\/1"}],"replies":[{"embeddable":true,"href":"https:\/\/www.sabrina-schmitt.com\/index.php?rest_route=%2Fwp%2Fv2%2Fcomments&post=8"}],"version-history":[{"count":19,"href":"https:\/\/www.sabrina-schmitt.com\/index.php?rest_route=\/wp\/v2\/pages\/8\/revisions"}],"predecessor-version":[{"id":392,"href":"https:\/\/www.sabrina-schmitt.com\/index.php?rest_route=\/wp\/v2\/pages\/8\/revisions\/392"}],"wp:attachment":[{"href":"https:\/\/www.sabrina-schmitt.com\/index.php?rest_route=%2Fwp%2Fv2%2Fmedia&parent=8"}],"curies":[{"name":"wp","href":"https:\/\/api.w.org\/{rel}","templated":true}]}}